{"id":905,"date":"2025-12-15T20:51:50","date_gmt":"2025-12-15T19:51:50","guid":{"rendered":"https:\/\/develop.margenuss.de\/?page_id=905"},"modified":"2025-12-18T19:43:27","modified_gmt":"2025-12-18T18:43:27","slug":"politica-de-privacidad","status":"publish","type":"page","link":"https:\/\/margenuss.de\/es\/politica-de-privacidad\/","title":{"rendered":"Pol\u00edtica de privacidad"},"content":{"rendered":"<style>.elementor-905 .elementor-element.elementor-element-a5cd0c2{--display:flex;--flex-direction:row;--container-widget-width:initial;--container-widget-height:100%;--container-widget-flex-grow:1;--container-widget-align-self:stretch;--flex-wrap-mobile:wrap;--overlay-opacity:0.6;--margin-top:0px;--margin-bottom:0px;--margin-left:0px;--margin-right:0px;--padding-top:0px;--padding-bottom:0px;--padding-left:0px;--padding-right:0px;}.elementor-905 .elementor-element.elementor-element-a5cd0c2::before, .elementor-905 .elementor-element.elementor-element-a5cd0c2 > .elementor-background-video-container::before, .elementor-905 .elementor-element.elementor-element-a5cd0c2 > .e-con-inner > .elementor-background-video-container::before, .elementor-905 .elementor-element.elementor-element-a5cd0c2 > .elementor-background-slideshow::before, .elementor-905 .elementor-element.elementor-element-a5cd0c2 > .e-con-inner > .elementor-background-slideshow::before, .elementor-905 .elementor-element.elementor-element-a5cd0c2 > .elementor-motion-effects-container > .elementor-motion-effects-layer::before{background-color:#000000;--background-overlay:'';}.elementor-905 .elementor-element.elementor-element-a5cd0c2:not(.elementor-motion-effects-element-type-background), .elementor-905 .elementor-element.elementor-element-a5cd0c2 > .elementor-motion-effects-container > .elementor-motion-effects-layer{background:url(\"https:\/\/margenuss.de\/es\/wp-content\/uploads\/2025\/12\/Diseno-sin-titulo-6.png\") 50% 50%;background-size:cover;}.elementor-905 .elementor-element.elementor-element-98ebda4{--display:flex;--flex-direction:column;--container-widget-width:100%;--container-widget-height:initial;--container-widget-flex-grow:0;--container-widget-align-self:initial;--flex-wrap-mobile:wrap;--margin-top:0px;--margin-bottom:0px;--margin-left:0px;--margin-right:0px;--padding-top:0px;--padding-bottom:0px;--padding-left:0px;--padding-right:0px;}.elementor-905 .elementor-element.elementor-element-c72e0bf{--display:flex;}.elementor-905 .elementor-element.elementor-element-cae2ab2{--spacer-size:235px;}.elementor-905 .elementor-element.elementor-element-dcf827a{margin:0px 0px calc(var(--kit-widget-spacing, 0px) + 2px) 0px;}.elementor-905 .elementor-element.elementor-element-dcf827a .elementor-heading-title{font-family:\"Poppins\", Sans-serif;font-size:100px;font-weight:700;text-decoration:none;line-height:1.1em;color:var( --e-global-color-primary );}.elementor-905 .elementor-element.elementor-element-80c4454{--spacer-size:120px;}.elementor-905 .elementor-element.elementor-element-b86664a{--display:flex;--flex-direction:row;--container-widget-width:initial;--container-widget-height:100%;--container-widget-flex-grow:1;--container-widget-align-self:stretch;--flex-wrap-mobile:wrap;--margin-top:0px;--margin-bottom:0px;--margin-left:0px;--margin-right:0px;--padding-top:0px;--padding-bottom:0px;--padding-left:0px;--padding-right:0px;}.elementor-905 .elementor-element.elementor-element-5999876{--display:flex;--flex-direction:column;--container-widget-width:100%;--container-widget-height:initial;--container-widget-flex-grow:0;--container-widget-align-self:initial;--flex-wrap-mobile:wrap;}.elementor-905 .elementor-element.elementor-element-45bf574{--spacer-size:30px;}.elementor-905 .elementor-element.elementor-element-d1cf814{margin:25px 25px calc(var(--kit-widget-spacing, 0px) + 25px) 25px;font-family:\"Poppins\", Sans-serif;font-weight:400;color:#000000;}.elementor-905 .elementor-element.elementor-element-d1cf814 a{color:var( --e-global-color-29f41f6 );}.elementor-905 .elementor-element.elementor-element-ad245ce{--spacer-size:50px;}@media(max-width:1366px){.elementor-905 .elementor-element.elementor-element-dcf827a .elementor-heading-title{font-size:60px;line-height:1.1em;}}@media(min-width:768px){.elementor-905 .elementor-element.elementor-element-a5cd0c2{--content-width:1400px;}.elementor-905 .elementor-element.elementor-element-98ebda4{--width:70%;}.elementor-905 .elementor-element.elementor-element-b86664a{--width:30%;}}@media(max-width:1366px) and (min-width:768px){.elementor-905 .elementor-element.elementor-element-a5cd0c2{--content-width:900px;}}@media(max-width:1024px) and (min-width:768px){.elementor-905 .elementor-element.elementor-element-a5cd0c2{--content-width:650px;}.elementor-905 .elementor-element.elementor-element-98ebda4{--width:100%;}.elementor-905 .elementor-element.elementor-element-b86664a{--width:0%;}}@media(max-width:1024px){.elementor-905 .elementor-element.elementor-element-dcf827a{padding:0px 80px 0px 0px;}.elementor-905 .elementor-element.elementor-element-dcf827a .elementor-heading-title{font-size:50px;line-height:1.1em;}}@media(max-width:767px){.elementor-905 .elementor-element.elementor-element-98ebda4{--justify-content:center;--align-items:center;--container-widget-width:calc( ( 1 - var( --container-widget-flex-grow ) ) * 100% );}.elementor-905 .elementor-element.elementor-element-dcf827a{margin:0px 0px calc(var(--kit-widget-spacing, 0px) + 0px) 0px;padding:0px 0px 0px 0px;text-align:center;}.elementor-905 .elementor-element.elementor-element-dcf827a.elementor-element{--align-self:center;}.elementor-905 .elementor-element.elementor-element-dcf827a .elementor-heading-title{font-size:25px;line-height:1.1em;}}<\/style>\t\t<div data-elementor-type=\"wp-page\" data-elementor-id=\"905\" class=\"elementor elementor-905\" data-elementor-post-type=\"page\">\n\t\t\t\t<div class=\"elementor-element elementor-element-a5cd0c2 e-flex e-con-boxed e-con e-child\" data-id=\"a5cd0c2\" data-element_type=\"container\" data-settings=\"{&quot;background_background&quot;:&quot;video&quot;,&quot;background_video_link&quot;:&quot;https:\\\/\\\/margenuss.de\\\/es\\\/wp-content\\\/uploads\\\/2025\\\/12\\\/Diseno-sin-titulo-1-1.mp4&quot;,&quot;background_play_on_mobile&quot;:&quot;yes&quot;,&quot;background_video_start&quot;:20}\">\n\t\t\t\t\t<div class=\"e-con-inner\">\n\t\t<div class=\"elementor-background-video-container\" aria-hidden=\"true\">\n\t\t\t\t\t\t\t<video class=\"elementor-background-video-hosted\" autoplay muted playsinline loop><\/video>\n\t\t\t\t\t<\/div><div class=\"elementor-element elementor-element-98ebda4 e-con-full e-flex e-con e-child\" data-id=\"98ebda4\" data-element_type=\"container\">\n\t\t<div class=\"elementor-element elementor-element-c72e0bf e-con-full e-flex e-con e-child\" data-id=\"c72e0bf\" data-element_type=\"container\">\n\t\t\t\t<div class=\"elementor-element elementor-element-cae2ab2 elementor-widget elementor-widget-spacer\" data-id=\"cae2ab2\" data-element_type=\"widget\" data-widget_type=\"spacer.default\">\n\t\t\t\t\t\t\t<div class=\"elementor-spacer\">\n\t\t\t<div class=\"elementor-spacer-inner\"><\/div>\n\t\t<\/div>\n\t\t\t\t\t\t<\/div>\n\t\t\t\t<\/div>\n\t\t\t\t<div class=\"elementor-element elementor-element-dcf827a animated-slow elementor-invisible elementor-widget elementor-widget-heading\" data-id=\"dcf827a\" data-element_type=\"widget\" data-settings=\"{&quot;_animation&quot;:&quot;fadeInDown&quot;}\" data-widget_type=\"heading.default\">\n\t\t\t\t\t<h2 class=\"elementor-heading-title elementor-size-default\">Pol\u00edtica de privacidad<\/h2>\t\t\t\t<\/div>\n\t\t\t\t<div class=\"elementor-element elementor-element-80c4454 elementor-widget elementor-widget-spacer\" data-id=\"80c4454\" data-element_type=\"widget\" data-widget_type=\"spacer.default\">\n\t\t\t\t\t\t\t<div class=\"elementor-spacer\">\n\t\t\t<div class=\"elementor-spacer-inner\"><\/div>\n\t\t<\/div>\n\t\t\t\t\t\t<\/div>\n\t\t\t\t<\/div>\n\t\t<div class=\"elementor-element elementor-element-b86664a e-con-full e-flex e-con e-child\" data-id=\"b86664a\" data-element_type=\"container\">\n\t\t\t\t<\/div>\n\t\t\t\t\t<\/div>\n\t\t\t\t<\/div>\n\t\t<div class=\"elementor-element elementor-element-5999876 e-flex e-con-boxed e-con e-parent\" data-id=\"5999876\" data-element_type=\"container\">\n\t\t\t\t\t<div class=\"e-con-inner\">\n\t\t\t\t<div class=\"elementor-element elementor-element-45bf574 elementor-widget elementor-widget-spacer\" data-id=\"45bf574\" data-element_type=\"widget\" data-widget_type=\"spacer.default\">\n\t\t\t\t\t\t\t<div class=\"elementor-spacer\">\n\t\t\t<div class=\"elementor-spacer-inner\"><\/div>\n\t\t<\/div>\n\t\t\t\t\t\t<\/div>\n\t\t\t\t<div class=\"elementor-element elementor-element-d1cf814 elementor-widget elementor-widget-text-editor\" data-id=\"d1cf814\" data-element_type=\"widget\" data-widget_type=\"text-editor.default\">\n\t\t\t\t\t\t\t\t\t<p><strong>1. Nombre y datos de contacto del responsable<\/strong><\/p><p>Margenuss GmbH<br \/>Inselsbergstra\u00dfe 11<br \/>65929 Frankfurt am Main, Alemania<br \/>Director general: Fernando Alberto Cevallos Alvarado<br \/>Correo electr\u00f3nico: <a href=\"mailto:info@margenuss.de\">info@margenuss.de<\/a><\/p><p><strong>2. Recopilaci\u00f3n y almacenamiento de datos personales, as\u00ed como tipo y finalidad de su uso<\/strong><\/p><p>Al visitar el sitio web:<br \/>Al acceder a nuestro sitio web, se env\u00eda autom\u00e1ticamente informaci\u00f3n al servidor de nuestra p\u00e1gina. Esta informaci\u00f3n se almacena en un archivo de registro (logfile):<\/p><ul><li>Direcci\u00f3n IP del equipo que realiza la solicitud<\/li><li>Fecha y hora del acceso<\/li><li>Nombre y URL del archivo consultado<\/li><li>Sitio web desde el que se accede (URL de referencia)<\/li><li>Navegador utilizado y, si corresponde, el sistema operativo de su equipo<\/li><\/ul><p>El procesamiento de datos se realiza de acuerdo con el Art. 6, p\u00e1rrafo 1, frase 1, letra f del RGPD para garantizar una conexi\u00f3n fluida y evaluar la seguridad del sistema.<\/p><p><strong>3. Uso del formulario de contacto<\/strong><\/p><p>Si nos env\u00eda una consulta a trav\u00e9s del formulario de contacto en www.margenuss.de<br \/>, se procesar\u00e1n los siguientes datos:<\/p><ul><li>Nombre<\/li><li>Correo electr\u00f3nico<\/li><li>Su mensaje<\/li><\/ul><p>Estos datos se almacenan \u00fanicamente para procesar su consulta y posibles preguntas de seguimiento. El procesamiento se realiza sobre la base de su consentimiento seg\u00fan el Art. 6, p\u00e1rrafo 1, frase 1, letra a del RGPD. Puede revocar este consentimiento en cualquier momento.<\/p><p><strong>4. Transferencia de datos<\/strong><\/p><p>Sus datos no se ceder\u00e1n a terceros, salvo en los siguientes casos:<\/p><ul><li>Usted ha dado su consentimiento expl\u00edcito (Art. 6, p\u00e1rrafo 1, frase 1, letra a RGPD)<\/li><li>La transferencia es necesaria para cumplir obligaciones contractuales (Art. 6, p\u00e1rrafo 1, frase 1, letra b RGPD)<\/li><\/ul><p><strong>5. Cookies<\/strong><\/p><p>Nuestro sitio web utiliza cookies para mejorar la experiencia del usuario. Las cookies son peque\u00f1os archivos de texto que se almacenan en su dispositivo. Puede desactivar el almacenamiento de cookies en la configuraci\u00f3n de su navegador.<\/p><p><strong>6. Herramientas de an\u00e1lisis<\/strong><\/p><p>Este sitio web no utiliza herramientas de an\u00e1lisis externas como Google Analytics.<\/p><p><strong>7. Derechos del interesado<\/strong><\/p><p>Usted tiene los siguientes derechos:<\/p><ul><li>Solicitar informaci\u00f3n sobre los datos que tenemos sobre usted (Art. 15 RGPD)<\/li><li>Solicitar la rectificaci\u00f3n de datos incorrectos (Art. 16 RGPD)<\/li><li>Solicitar la eliminaci\u00f3n de sus datos (Art. 17 RGPD)<\/li><li>Solicitar la limitaci\u00f3n del procesamiento de sus datos (Art. 18 RGPD)<\/li><li>Oponerse al procesamiento de datos (Art. 21 RGPD)<\/li><\/ul><p><strong>8. Duraci\u00f3n del almacenamiento<\/strong><\/p><p>Los datos se almacenan mientras sean necesarios para cumplir con los fines para los que se recopilaron.<\/p><p><strong>9. Revocaci\u00f3n del consentimiento<\/strong><\/p><p>Puede revocar su consentimiento para el procesamiento de sus datos personales en cualquier momento enviando un correo electr\u00f3nico a: <a href=\"mailto:info@margenuss.de\">info@margenuss.de<\/a><\/p><p><strong>10. Derecho a presentar una reclamaci\u00f3n ante una autoridad de supervisi\u00f3n<\/strong><\/p><p>Si considera que el procesamiento de sus datos viola el RGPD, tiene derecho a presentar una queja ante una autoridad de protecci\u00f3n de datos.<\/p>\t\t\t\t\t\t\t\t<\/div>\n\t\t\t\t<div class=\"elementor-element elementor-element-ad245ce elementor-widget elementor-widget-spacer\" data-id=\"ad245ce\" data-element_type=\"widget\" data-widget_type=\"spacer.default\">\n\t\t\t\t\t\t\t<div class=\"elementor-spacer\">\n\t\t\t<div class=\"elementor-spacer-inner\"><\/div>\n\t\t<\/div>\n\t\t\t\t\t\t<\/div>\n\t\t\t\t\t<\/div>\n\t\t\t\t<\/div>\n\t\t\t\t<\/div>\n\t\t","protected":false},"excerpt":{"rendered":"<p>Pol\u00edtica de privacidad 1. Nombre y datos de contacto del responsable Margenuss GmbHInselsbergstra\u00dfe 1165929 Frankfurt am Main, AlemaniaDirector general: Fernando Alberto Cevallos AlvaradoCorreo electr\u00f3nico: info@margenuss.de 2. Recopilaci\u00f3n y almacenamiento de datos personales, as\u00ed como tipo y finalidad de su uso Al visitar el sitio web:Al acceder a nuestro sitio web, se env\u00eda autom\u00e1ticamente informaci\u00f3n al [&hellip;]<\/p>\n","protected":false},"author":1,"featured_media":119,"parent":0,"menu_order":0,"comment_status":"closed","ping_status":"closed","template":"elementor_header_footer","meta":{"footnotes":""},"class_list":["post-905","page","type-page","status-publish","has-post-thumbnail","hentry"],"_links":{"self":[{"href":"https:\/\/margenuss.de\/es\/wp-json\/wp\/v2\/pages\/905","targetHints":{"allow":["GET"]}}],"collection":[{"href":"https:\/\/margenuss.de\/es\/wp-json\/wp\/v2\/pages"}],"about":[{"href":"https:\/\/margenuss.de\/es\/wp-json\/wp\/v2\/types\/page"}],"author":[{"embeddable":true,"href":"https:\/\/margenuss.de\/es\/wp-json\/wp\/v2\/users\/1"}],"replies":[{"embeddable":true,"href":"https:\/\/margenuss.de\/es\/wp-json\/wp\/v2\/comments?post=905"}],"version-history":[{"count":26,"href":"https:\/\/margenuss.de\/es\/wp-json\/wp\/v2\/pages\/905\/revisions"}],"predecessor-version":[{"id":1318,"href":"https:\/\/margenuss.de\/es\/wp-json\/wp\/v2\/pages\/905\/revisions\/1318"}],"wp:featuredmedia":[{"embeddable":true,"href":"https:\/\/margenuss.de\/es\/wp-json\/wp\/v2\/media\/119"}],"wp:attachment":[{"href":"https:\/\/margenuss.de\/es\/wp-json\/wp\/v2\/media?parent=905"}],"curies":[{"name":"wp","href":"https:\/\/api.w.org\/{rel}","templated":true}]}}