{"id":923,"date":"2025-12-15T21:00:48","date_gmt":"2025-12-15T20:00:48","guid":{"rendered":"https:\/\/develop.margenuss.de\/?page_id=923"},"modified":"2025-12-18T19:53:22","modified_gmt":"2025-12-18T18:53:22","slug":"aviso-legal","status":"publish","type":"page","link":"https:\/\/margenuss.de\/es\/aviso-legal\/","title":{"rendered":"Aviso legal"},"content":{"rendered":"<style>.elementor-923 .elementor-element.elementor-element-8c18bf8{--display:flex;--flex-direction:row;--container-widget-width:initial;--container-widget-height:100%;--container-widget-flex-grow:1;--container-widget-align-self:stretch;--flex-wrap-mobile:wrap;--overlay-opacity:0.6;--margin-top:0px;--margin-bottom:0px;--margin-left:0px;--margin-right:0px;--padding-top:0px;--padding-bottom:0px;--padding-left:0px;--padding-right:0px;}.elementor-923 .elementor-element.elementor-element-8c18bf8::before, .elementor-923 .elementor-element.elementor-element-8c18bf8 > .elementor-background-video-container::before, .elementor-923 .elementor-element.elementor-element-8c18bf8 > .e-con-inner > .elementor-background-video-container::before, .elementor-923 .elementor-element.elementor-element-8c18bf8 > .elementor-background-slideshow::before, .elementor-923 .elementor-element.elementor-element-8c18bf8 > .e-con-inner > .elementor-background-slideshow::before, .elementor-923 .elementor-element.elementor-element-8c18bf8 > .elementor-motion-effects-container > .elementor-motion-effects-layer::before{background-color:#000000;--background-overlay:'';}.elementor-923 .elementor-element.elementor-element-8c18bf8:not(.elementor-motion-effects-element-type-background), .elementor-923 .elementor-element.elementor-element-8c18bf8 > .elementor-motion-effects-container > .elementor-motion-effects-layer{background:url(\"https:\/\/margenuss.de\/es\/wp-content\/uploads\/2025\/12\/Diseno-sin-titulo-6.png\") 50% 50%;background-size:cover;}.elementor-923 .elementor-element.elementor-element-3b3318a{--display:flex;--flex-direction:column;--container-widget-width:100%;--container-widget-height:initial;--container-widget-flex-grow:0;--container-widget-align-self:initial;--flex-wrap-mobile:wrap;--margin-top:0px;--margin-bottom:0px;--margin-left:0px;--margin-right:0px;--padding-top:0px;--padding-bottom:0px;--padding-left:0px;--padding-right:0px;}.elementor-923 .elementor-element.elementor-element-9515b24{--display:flex;}.elementor-923 .elementor-element.elementor-element-a817900{--spacer-size:235px;}.elementor-923 .elementor-element.elementor-element-beb4d50{margin:0px 0px calc(var(--kit-widget-spacing, 0px) + 2px) 0px;}.elementor-923 .elementor-element.elementor-element-beb4d50 .elementor-heading-title{font-family:\"Poppins\", Sans-serif;font-size:100px;font-weight:700;text-decoration:none;line-height:1.1em;color:var( --e-global-color-primary );}.elementor-923 .elementor-element.elementor-element-c1b54da{--spacer-size:120px;}.elementor-923 .elementor-element.elementor-element-095d22e{--display:flex;--flex-direction:row;--container-widget-width:initial;--container-widget-height:100%;--container-widget-flex-grow:1;--container-widget-align-self:stretch;--flex-wrap-mobile:wrap;--margin-top:0px;--margin-bottom:0px;--margin-left:0px;--margin-right:0px;--padding-top:0px;--padding-bottom:0px;--padding-left:0px;--padding-right:0px;}.elementor-923 .elementor-element.elementor-element-1869cd3{--display:flex;--flex-direction:column;--container-widget-width:100%;--container-widget-height:initial;--container-widget-flex-grow:0;--container-widget-align-self:initial;--flex-wrap-mobile:wrap;}.elementor-923 .elementor-element.elementor-element-53190d6{--spacer-size:30px;}.elementor-923 .elementor-element.elementor-element-f9d0c16{margin:25px 25px calc(var(--kit-widget-spacing, 0px) + 25px) 25px;font-family:\"Poppins\", Sans-serif;font-weight:400;color:#000000;}.elementor-923 .elementor-element.elementor-element-f9d0c16 a{color:var( --e-global-color-29f41f6 );}.elementor-923 .elementor-element.elementor-element-9028a47{--spacer-size:50px;}@media(max-width:1366px){.elementor-923 .elementor-element.elementor-element-beb4d50 .elementor-heading-title{font-size:60px;line-height:1.1em;}}@media(min-width:768px){.elementor-923 .elementor-element.elementor-element-8c18bf8{--content-width:1400px;}.elementor-923 .elementor-element.elementor-element-3b3318a{--width:70%;}.elementor-923 .elementor-element.elementor-element-095d22e{--width:30%;}}@media(max-width:1366px) and (min-width:768px){.elementor-923 .elementor-element.elementor-element-8c18bf8{--content-width:900px;}}@media(max-width:1024px) and (min-width:768px){.elementor-923 .elementor-element.elementor-element-8c18bf8{--content-width:650px;}.elementor-923 .elementor-element.elementor-element-3b3318a{--width:100%;}.elementor-923 .elementor-element.elementor-element-095d22e{--width:0%;}}@media(max-width:1024px){.elementor-923 .elementor-element.elementor-element-beb4d50{padding:0px 80px 0px 0px;}.elementor-923 .elementor-element.elementor-element-beb4d50 .elementor-heading-title{font-size:50px;line-height:1.1em;}}@media(max-width:767px){.elementor-923 .elementor-element.elementor-element-3b3318a{--justify-content:center;--align-items:center;--container-widget-width:calc( ( 1 - var( --container-widget-flex-grow ) ) * 100% );}.elementor-923 .elementor-element.elementor-element-beb4d50{margin:0px 0px calc(var(--kit-widget-spacing, 0px) + 0px) 0px;padding:0px 0px 0px 0px;text-align:center;}.elementor-923 .elementor-element.elementor-element-beb4d50.elementor-element{--align-self:center;}.elementor-923 .elementor-element.elementor-element-beb4d50 .elementor-heading-title{font-size:25px;line-height:1.1em;}}<\/style>\t\t<div data-elementor-type=\"wp-page\" data-elementor-id=\"923\" class=\"elementor elementor-923\" data-elementor-post-type=\"page\">\n\t\t\t\t<div class=\"elementor-element elementor-element-8c18bf8 e-flex e-con-boxed e-con e-child\" data-id=\"8c18bf8\" data-element_type=\"container\" data-settings=\"{&quot;background_background&quot;:&quot;video&quot;,&quot;background_video_link&quot;:&quot;https:\\\/\\\/margenuss.de\\\/es\\\/wp-content\\\/uploads\\\/2025\\\/12\\\/Diseno-sin-titulo-1-1.mp4&quot;,&quot;background_play_on_mobile&quot;:&quot;yes&quot;,&quot;background_video_start&quot;:20}\">\n\t\t\t\t\t<div class=\"e-con-inner\">\n\t\t<div class=\"elementor-background-video-container\" aria-hidden=\"true\">\n\t\t\t\t\t\t\t<video class=\"elementor-background-video-hosted\" autoplay muted playsinline loop><\/video>\n\t\t\t\t\t<\/div><div class=\"elementor-element elementor-element-3b3318a e-con-full e-flex e-con e-child\" data-id=\"3b3318a\" data-element_type=\"container\">\n\t\t<div class=\"elementor-element elementor-element-9515b24 e-con-full e-flex e-con e-child\" data-id=\"9515b24\" data-element_type=\"container\">\n\t\t\t\t<div class=\"elementor-element elementor-element-a817900 elementor-widget elementor-widget-spacer\" data-id=\"a817900\" data-element_type=\"widget\" data-widget_type=\"spacer.default\">\n\t\t\t\t\t\t\t<div class=\"elementor-spacer\">\n\t\t\t<div class=\"elementor-spacer-inner\"><\/div>\n\t\t<\/div>\n\t\t\t\t\t\t<\/div>\n\t\t\t\t<\/div>\n\t\t\t\t<div class=\"elementor-element elementor-element-beb4d50 animated-slow elementor-invisible elementor-widget elementor-widget-heading\" data-id=\"beb4d50\" data-element_type=\"widget\" data-settings=\"{&quot;_animation&quot;:&quot;fadeInDown&quot;}\" data-widget_type=\"heading.default\">\n\t\t\t\t\t<h2 class=\"elementor-heading-title elementor-size-default\">Aviso legal<\/h2>\t\t\t\t<\/div>\n\t\t\t\t<div class=\"elementor-element elementor-element-c1b54da elementor-widget elementor-widget-spacer\" data-id=\"c1b54da\" data-element_type=\"widget\" data-widget_type=\"spacer.default\">\n\t\t\t\t\t\t\t<div class=\"elementor-spacer\">\n\t\t\t<div class=\"elementor-spacer-inner\"><\/div>\n\t\t<\/div>\n\t\t\t\t\t\t<\/div>\n\t\t\t\t<\/div>\n\t\t<div class=\"elementor-element elementor-element-095d22e e-con-full e-flex e-con e-child\" data-id=\"095d22e\" data-element_type=\"container\">\n\t\t\t\t<\/div>\n\t\t\t\t\t<\/div>\n\t\t\t\t<\/div>\n\t\t<div class=\"elementor-element elementor-element-1869cd3 e-flex e-con-boxed e-con e-parent\" data-id=\"1869cd3\" data-element_type=\"container\">\n\t\t\t\t\t<div class=\"e-con-inner\">\n\t\t\t\t<div class=\"elementor-element elementor-element-53190d6 elementor-widget elementor-widget-spacer\" data-id=\"53190d6\" data-element_type=\"widget\" data-widget_type=\"spacer.default\">\n\t\t\t\t\t\t\t<div class=\"elementor-spacer\">\n\t\t\t<div class=\"elementor-spacer-inner\"><\/div>\n\t\t<\/div>\n\t\t\t\t\t\t<\/div>\n\t\t\t\t<div class=\"elementor-element elementor-element-f9d0c16 elementor-widget elementor-widget-text-editor\" data-id=\"f9d0c16\" data-element_type=\"widget\" data-widget_type=\"text-editor.default\">\n\t\t\t\t\t\t\t\t\t<div id=\"jw-element-496780276\" class=\"jw-tree-node jw-element jw-image-text\" data-jw-element-id=\"496780276\"><div class=\"jw-element-imagetext-text\"><p><strong>Firma<\/strong><\/p><p>Margenuss GmbH<br \/>Direcci\u00f3n de oficina: Taunusanlage 8,<br \/>60329 Frankfurt am Main, Alemania<\/p><p>Sede comercial: Inselsbergstra\u00dfe 11,<br \/>65929 Frankfurt am Main, Alemania<\/p><p><strong>Director general<\/strong><\/p><p>Fernando Alberto Cevallos Alvarado<\/p><p><strong>Contacto<\/strong><\/p><p>Correo electr\u00f3nico: <a href=\"mailto:info@margenuss.de\">info@margenuss.de<\/a><\/p><p><strong>N\u00famero de identificaci\u00f3n fiscal (USt-ID)<\/strong><\/p><p>DE433135220<\/p><p><strong>Responsable del contenido seg\u00fan \u00a7 18 MStV<\/strong><\/p><p>Fernando Alberto Cevallos Alvarado<\/p><p><strong>Exenci\u00f3n de responsabilidad<\/strong><\/p><p><strong>Responsabilidad por contenidos<\/strong><br \/>Los contenidos de nuestras p\u00e1ginas han sido elaborados con el m\u00e1ximo cuidado. Sin embargo, no podemos garantizar la exactitud, integridad ni actualidad de los contenidos.<\/p><p><strong>Responsabilidad por enlaces<\/strong><br \/>Nuestra oferta contiene enlaces a sitios web externos de terceros sobre los cuales no tenemos influencia. Por lo tanto, no podemos asumir responsabilidad por estos contenidos ajenos. Los contenidos de las p\u00e1ginas vinculadas son siempre responsabilidad del respectivo proveedor u operador del sitio.<\/p><p><strong>Derechos de autor<\/strong><br \/>Los contenidos y obras creados por los operadores de estas p\u00e1ginas est\u00e1n sujetos a la ley alemana de derechos de autor. Las contribuciones de terceros est\u00e1n identificadas como tales. La reproducci\u00f3n, modificaci\u00f3n, distribuci\u00f3n y cualquier tipo de explotaci\u00f3n fuera de los l\u00edmites del derecho de autor requieren el consentimiento por escrito del respectivo autor o creador.<\/p><\/div><\/div>\t\t\t\t\t\t\t\t<\/div>\n\t\t\t\t<div class=\"elementor-element elementor-element-9028a47 elementor-widget elementor-widget-spacer\" data-id=\"9028a47\" data-element_type=\"widget\" data-widget_type=\"spacer.default\">\n\t\t\t\t\t\t\t<div class=\"elementor-spacer\">\n\t\t\t<div class=\"elementor-spacer-inner\"><\/div>\n\t\t<\/div>\n\t\t\t\t\t\t<\/div>\n\t\t\t\t\t<\/div>\n\t\t\t\t<\/div>\n\t\t\t\t<\/div>\n\t\t","protected":false},"excerpt":{"rendered":"<p>Aviso legal Firma Margenuss GmbHDirecci\u00f3n de oficina: Taunusanlage 8,60329 Frankfurt am Main, Alemania Sede comercial: Inselsbergstra\u00dfe 11,65929 Frankfurt am Main, Alemania Director general Fernando Alberto Cevallos Alvarado Contacto Correo electr\u00f3nico: info@margenuss.de N\u00famero de identificaci\u00f3n fiscal (USt-ID) DE433135220 Responsable del contenido seg\u00fan \u00a7 18 MStV Fernando Alberto Cevallos Alvarado Exenci\u00f3n de responsabilidad Responsabilidad por contenidosLos contenidos [&hellip;]<\/p>\n","protected":false},"author":1,"featured_media":681,"parent":0,"menu_order":0,"comment_status":"closed","ping_status":"closed","template":"elementor_header_footer","meta":{"footnotes":""},"class_list":["post-923","page","type-page","status-publish","has-post-thumbnail","hentry"],"_links":{"self":[{"href":"https:\/\/margenuss.de\/es\/wp-json\/wp\/v2\/pages\/923","targetHints":{"allow":["GET"]}}],"collection":[{"href":"https:\/\/margenuss.de\/es\/wp-json\/wp\/v2\/pages"}],"about":[{"href":"https:\/\/margenuss.de\/es\/wp-json\/wp\/v2\/types\/page"}],"author":[{"embeddable":true,"href":"https:\/\/margenuss.de\/es\/wp-json\/wp\/v2\/users\/1"}],"replies":[{"embeddable":true,"href":"https:\/\/margenuss.de\/es\/wp-json\/wp\/v2\/comments?post=923"}],"version-history":[{"count":14,"href":"https:\/\/margenuss.de\/es\/wp-json\/wp\/v2\/pages\/923\/revisions"}],"predecessor-version":[{"id":1355,"href":"https:\/\/margenuss.de\/es\/wp-json\/wp\/v2\/pages\/923\/revisions\/1355"}],"wp:featuredmedia":[{"embeddable":true,"href":"https:\/\/margenuss.de\/es\/wp-json\/wp\/v2\/media\/681"}],"wp:attachment":[{"href":"https:\/\/margenuss.de\/es\/wp-json\/wp\/v2\/media?parent=923"}],"curies":[{"name":"wp","href":"https:\/\/api.w.org\/{rel}","templated":true}]}}